{"id":87,"date":"2025-05-23T10:48:42","date_gmt":"2025-05-23T08:48:42","guid":{"rendered":"https:\/\/ecolelibreblandainesplechin.be\/?page_id=87"},"modified":"2025-08-17T16:15:21","modified_gmt":"2025-08-17T14:15:21","slug":"on-parle-de-nous-blandain","status":"publish","type":"page","link":"https:\/\/ecolelibreblandainesplechin.be\/index.php\/blandain\/on-parle-de-nous-blandain\/","title":{"rendered":"On parle de nous! (Blandain)"},"content":{"rendered":"<p><a href=\"https:\/\/www.lavenir.net\/regions\/wallonie-picarde\/tournai\/2023\/10\/23\/enorme-succes-de-foule-pour-les-allumoirs-a-blandain-QRH5K7XTMVHIVHC2QGHGH7EPFY\/\">\u00c9norme succ\u00e8s de foule pour les allumoirs \u00e0 Blandain &#8211; L&rsquo;Avenir<\/a><\/p>\n","protected":false},"excerpt":{"rendered":"<p>\u00c9norme succ\u00e8s de foule pour les allumoirs \u00e0 Blandain &#8211; L&rsquo;Avenir<\/p>\n","protected":false},"author":1,"featured_media":0,"parent":33,"menu_order":6,"comment_status":"closed","ping_status":"closed","template":"","meta":{"footnotes":""},"class_list":["post-87","page","type-page","status-publish","hentry","nodate","item-wrap"],"_links":{"self":[{"href":"https:\/\/ecolelibreblandainesplechin.be\/index.php\/wp-json\/wp\/v2\/pages\/87","targetHints":{"allow":["GET"]}}],"collection":[{"href":"https:\/\/ecolelibreblandainesplechin.be\/index.php\/wp-json\/wp\/v2\/pages"}],"about":[{"href":"https:\/\/ecolelibreblandainesplechin.be\/index.php\/wp-json\/wp\/v2\/types\/page"}],"author":[{"embeddable":true,"href":"https:\/\/ecolelibreblandainesplechin.be\/index.php\/wp-json\/wp\/v2\/users\/1"}],"replies":[{"embeddable":true,"href":"https:\/\/ecolelibreblandainesplechin.be\/index.php\/wp-json\/wp\/v2\/comments?post=87"}],"version-history":[{"count":2,"href":"https:\/\/ecolelibreblandainesplechin.be\/index.php\/wp-json\/wp\/v2\/pages\/87\/revisions"}],"predecessor-version":[{"id":684,"href":"https:\/\/ecolelibreblandainesplechin.be\/index.php\/wp-json\/wp\/v2\/pages\/87\/revisions\/684"}],"up":[{"embeddable":true,"href":"https:\/\/ecolelibreblandainesplechin.be\/index.php\/wp-json\/wp\/v2\/pages\/33"}],"wp:attachment":[{"href":"https:\/\/ecolelibreblandainesplechin.be\/index.php\/wp-json\/wp\/v2\/media?parent=87"}],"curies":[{"name":"wp","href":"https:\/\/api.w.org\/{rel}","templated":true}]}}