{"id":80,"date":"2025-05-23T10:46:37","date_gmt":"2025-05-23T08:46:37","guid":{"rendered":"https:\/\/ecolelibreblandainesplechin.be\/?page_id=80"},"modified":"2025-08-17T17:15:21","modified_gmt":"2025-08-17T15:15:21","slug":"conseil-de-participation-esplechin","status":"publish","type":"page","link":"https:\/\/ecolelibreblandainesplechin.be\/index.php\/conseil-de-participation-esplechin\/","title":{"rendered":"Conseil de participation (Esplechin)"},"content":{"rendered":"\t\t<div data-elementor-type=\"wp-page\" data-elementor-id=\"80\" class=\"elementor elementor-80\">\n\t\t\t\t<div class=\"elementor-element elementor-element-cca008b e-flex e-con-boxed e-con e-parent\" data-id=\"cca008b\" data-element_type=\"container\">\n\t\t\t\t\t<div class=\"e-con-inner\">\n\t\t\t\t<div class=\"elementor-element elementor-element-8efa317 elementor-widget elementor-widget-text-editor\" data-id=\"8efa317\" data-element_type=\"widget\" data-widget_type=\"text-editor.default\">\n\t\t\t\t<div class=\"elementor-widget-container\">\n\t\t\t\t\t\t\t\t\t<p>Le Conseil de participation permet le dialogue et le d\u00e9bat entre les diff\u00e9rentes composantes de la communaut\u00e9 \u00e9ducative, favorise la participation de chacun et renforce la d\u00e9mocratie dans l\u2019\u00e9cole. Les acteurs repr\u00e9sent\u00e9s au Conseil de participation peuvent apporter ensemble des nouvelles solutions originales aux probl\u00e9matiques qui se posent \u00e0 l\u2019\u00e9cole.<\/p>\n<p>Le Conseil de participation est la seule instance de concertation qui permet de r\u00e9unir tous les acteurs et partenaires de la communaut\u00e9 \u00e9ducative :<\/p>\n<p>o pouvoir organisateur,<\/p>\n<p>o direction,<\/p>\n<p>o \u00e9quipe \u00e9ducative et p\u00e9dagogique,<\/p>\n<p>o parents des deux implantations,<\/p>\n<p>o associations en lien avec l\u2019\u00e9cole.<\/p>\t\t\t\t\t\t\t\t<\/div>\n\t\t\t\t<\/div>\n\t\t\t\t\t<\/div>\n\t\t\t\t<\/div>\n\t\t\t\t<\/div>\n\t\t","protected":false},"excerpt":{"rendered":"<p>Le Conseil de participation permet le dialogue et le d\u00e9bat entre les diff\u00e9rentes composantes de la communaut\u00e9 \u00e9ducative, favorise la participation de chacun et renforce la d\u00e9mocratie dans l\u2019\u00e9cole. Les acteurs repr\u00e9sent\u00e9s au Conseil de participation peuvent apporter ensemble des nouvelles solutions originales aux probl\u00e9matiques qui se posent \u00e0 l\u2019\u00e9cole. Le Conseil de participation est &hellip; <\/p>\n<p><a class=\"more-link btn\" href=\"https:\/\/ecolelibreblandainesplechin.be\/index.php\/conseil-de-participation-esplechin\/\">Lire la suite<\/a><\/p>\n","protected":false},"author":1,"featured_media":0,"parent":0,"menu_order":0,"comment_status":"closed","ping_status":"closed","template":"","meta":{"footnotes":""},"class_list":["post-80","page","type-page","status-publish","hentry","nodate","item-wrap"],"_links":{"self":[{"href":"https:\/\/ecolelibreblandainesplechin.be\/index.php\/wp-json\/wp\/v2\/pages\/80","targetHints":{"allow":["GET"]}}],"collection":[{"href":"https:\/\/ecolelibreblandainesplechin.be\/index.php\/wp-json\/wp\/v2\/pages"}],"about":[{"href":"https:\/\/ecolelibreblandainesplechin.be\/index.php\/wp-json\/wp\/v2\/types\/page"}],"author":[{"embeddable":true,"href":"https:\/\/ecolelibreblandainesplechin.be\/index.php\/wp-json\/wp\/v2\/users\/1"}],"replies":[{"embeddable":true,"href":"https:\/\/ecolelibreblandainesplechin.be\/index.php\/wp-json\/wp\/v2\/comments?post=80"}],"version-history":[{"count":11,"href":"https:\/\/ecolelibreblandainesplechin.be\/index.php\/wp-json\/wp\/v2\/pages\/80\/revisions"}],"predecessor-version":[{"id":757,"href":"https:\/\/ecolelibreblandainesplechin.be\/index.php\/wp-json\/wp\/v2\/pages\/80\/revisions\/757"}],"wp:attachment":[{"href":"https:\/\/ecolelibreblandainesplechin.be\/index.php\/wp-json\/wp\/v2\/media?parent=80"}],"curies":[{"name":"wp","href":"https:\/\/api.w.org\/{rel}","templated":true}]}}