{"id":78,"date":"2025-05-23T10:46:18","date_gmt":"2025-05-23T08:46:18","guid":{"rendered":"https:\/\/ecolelibreblandainesplechin.be\/?page_id=78"},"modified":"2025-06-06T15:14:04","modified_gmt":"2025-06-06T13:14:04","slug":"conseil-de-participation-blandain","status":"publish","type":"page","link":"https:\/\/ecolelibreblandainesplechin.be\/index.php\/conseil-de-participation-blandain\/","title":{"rendered":"Conseil de participation (Blandain)"},"content":{"rendered":"\t\t<div data-elementor-type=\"wp-page\" data-elementor-id=\"78\" class=\"elementor elementor-78\">\n\t\t\t\t<div class=\"elementor-element elementor-element-715ea88 e-con-full e-flex e-con e-parent\" data-id=\"715ea88\" data-element_type=\"container\">\n\t\t<div class=\"elementor-element elementor-element-29cee25 e-con-full e-flex e-con e-child\" data-id=\"29cee25\" data-element_type=\"container\">\n\t\t\t\t<div class=\"elementor-element elementor-element-9f1e638 elementor-widget__width-initial elementor-widget elementor-widget-image\" data-id=\"9f1e638\" data-element_type=\"widget\" data-widget_type=\"image.default\">\n\t\t\t\t<div class=\"elementor-widget-container\">\n\t\t\t\t\t\t\t\t\t\t\t\t\t\t\t<img fetchpriority=\"high\" decoding=\"async\" width=\"1024\" height=\"683\" src=\"https:\/\/ecolelibreblandainesplechin.be\/wp-content\/uploads\/2025\/06\/ChatGPT-Image-5-juin-2025-20_02_16-1-1024x683.png\" class=\"attachment-large size-large wp-image-552\" alt=\"\" srcset=\"https:\/\/ecolelibreblandainesplechin.be\/wp-content\/uploads\/2025\/06\/ChatGPT-Image-5-juin-2025-20_02_16-1-1024x683.png 1024w, https:\/\/ecolelibreblandainesplechin.be\/wp-content\/uploads\/2025\/06\/ChatGPT-Image-5-juin-2025-20_02_16-1-300x200.png 300w, https:\/\/ecolelibreblandainesplechin.be\/wp-content\/uploads\/2025\/06\/ChatGPT-Image-5-juin-2025-20_02_16-1-768x512.png 768w, https:\/\/ecolelibreblandainesplechin.be\/wp-content\/uploads\/2025\/06\/ChatGPT-Image-5-juin-2025-20_02_16-1-1140x760.png 1140w, https:\/\/ecolelibreblandainesplechin.be\/wp-content\/uploads\/2025\/06\/ChatGPT-Image-5-juin-2025-20_02_16-1.png 1536w\" sizes=\"(max-width: 1024px) 100vw, 1024px\" \/>\t\t\t\t\t\t\t\t\t\t\t\t\t\t\t<\/div>\n\t\t\t\t<\/div>\n\t\t\t\t<\/div>\n\t\t<div class=\"elementor-element elementor-element-ec6708b e-con-full e-flex e-con e-child\" data-id=\"ec6708b\" data-element_type=\"container\">\n\t\t\t\t<div class=\"elementor-element elementor-element-86c44be elementor-widget elementor-widget-text-editor\" data-id=\"86c44be\" data-element_type=\"widget\" data-widget_type=\"text-editor.default\">\n\t\t\t\t<div class=\"elementor-widget-container\">\n\t\t\t\t\t\t\t\t\t<p>Le cadre l\u00e9gal :\u00a0<a href=\"http:\/\/www.enseignement.be\/index.php?page=25526_blank\">Extrait du d\u00e9cret mission<\/a><\/p><p>Le Conseil de participation permet le dialogue et le d\u00e9bat entre les diff\u00e9rentes composantes de la communaut\u00e9 \u00e9ducative, favorise la participation de chacun et renforce la d\u00e9mocratie dans l\u2019\u00e9cole. Les acteurs repr\u00e9sent\u00e9s au Conseil de participation peuvent apporter ensemble des nouvelles solutions originales aux probl\u00e9matiques qui se posent \u00e0 l\u2019\u00e9cole.<\/p><p>Le Conseil de participation est la seule instance de concertation qui permet de r\u00e9unir tous les acteurs et partenaires de la communaut\u00e9 \u00e9ducative :<\/p><ul><li style=\"list-style-type: none;\"><ul><li>pouvoir organisateur,<\/li><li>direction,<\/li><li>\u00e9quipe \u00e9ducative et p\u00e9dagogique,<\/li><li>parents,<\/li><li>associations en lien avec l\u2019\u00e9cole.<\/li><\/ul><\/li><\/ul>\t\t\t\t\t\t\t\t<\/div>\n\t\t\t\t<\/div>\n\t\t\t\t<\/div>\n\t\t\t\t<\/div>\n\t\t\t\t<\/div>\n\t\t","protected":false},"excerpt":{"rendered":"<p>Le cadre l\u00e9gal :\u00a0Extrait du d\u00e9cret mission Le Conseil de participation permet le dialogue et le d\u00e9bat entre les diff\u00e9rentes composantes de la communaut\u00e9 \u00e9ducative, favorise la participation de chacun et renforce la d\u00e9mocratie dans l\u2019\u00e9cole. Les acteurs repr\u00e9sent\u00e9s au Conseil de participation peuvent apporter ensemble des nouvelles solutions originales aux probl\u00e9matiques qui se posent &hellip; <\/p>\n<p><a class=\"more-link btn\" href=\"https:\/\/ecolelibreblandainesplechin.be\/index.php\/conseil-de-participation-blandain\/\">Lire la suite<\/a><\/p>\n","protected":false},"author":1,"featured_media":0,"parent":0,"menu_order":0,"comment_status":"closed","ping_status":"closed","template":"","meta":{"footnotes":""},"class_list":["post-78","page","type-page","status-publish","hentry","nodate","item-wrap"],"_links":{"self":[{"href":"https:\/\/ecolelibreblandainesplechin.be\/index.php\/wp-json\/wp\/v2\/pages\/78","targetHints":{"allow":["GET"]}}],"collection":[{"href":"https:\/\/ecolelibreblandainesplechin.be\/index.php\/wp-json\/wp\/v2\/pages"}],"about":[{"href":"https:\/\/ecolelibreblandainesplechin.be\/index.php\/wp-json\/wp\/v2\/types\/page"}],"author":[{"embeddable":true,"href":"https:\/\/ecolelibreblandainesplechin.be\/index.php\/wp-json\/wp\/v2\/users\/1"}],"replies":[{"embeddable":true,"href":"https:\/\/ecolelibreblandainesplechin.be\/index.php\/wp-json\/wp\/v2\/comments?post=78"}],"version-history":[{"count":4,"href":"https:\/\/ecolelibreblandainesplechin.be\/index.php\/wp-json\/wp\/v2\/pages\/78\/revisions"}],"predecessor-version":[{"id":640,"href":"https:\/\/ecolelibreblandainesplechin.be\/index.php\/wp-json\/wp\/v2\/pages\/78\/revisions\/640"}],"wp:attachment":[{"href":"https:\/\/ecolelibreblandainesplechin.be\/index.php\/wp-json\/wp\/v2\/media?parent=78"}],"curies":[{"name":"wp","href":"https:\/\/api.w.org\/{rel}","templated":true}]}}