{"id":52,"date":"2025-05-23T10:21:10","date_gmt":"2025-05-23T08:21:10","guid":{"rendered":"https:\/\/ecolelibreblandainesplechin.be\/?page_id=52"},"modified":"2025-08-17T16:40:18","modified_gmt":"2025-08-17T14:40:18","slug":"presentation-blandain","status":"publish","type":"page","link":"https:\/\/ecolelibreblandainesplechin.be\/index.php\/presentation-blandain\/","title":{"rendered":"Pr\u00e9sentation Blandain"},"content":{"rendered":"\t\t<div data-elementor-type=\"wp-page\" data-elementor-id=\"52\" class=\"elementor elementor-52\">\n\t\t\t\t<div class=\"elementor-element elementor-element-62ce609c e-flex e-con-boxed e-con e-parent\" data-id=\"62ce609c\" data-element_type=\"container\">\n\t\t\t\t\t<div class=\"e-con-inner\">\n\t\t\t\t<div class=\"elementor-element elementor-element-16f358e elementor-widget elementor-widget-text-editor\" data-id=\"16f358e\" data-element_type=\"widget\" data-widget_type=\"text-editor.default\">\n\t\t\t\t<div class=\"elementor-widget-container\">\n\t\t\t\t\t\t\t\t\t<p>Bienvenue dans cette implantation!<\/p>\t\t\t\t\t\t\t\t<\/div>\n\t\t\t\t<\/div>\n\t\t\t\t<div class=\"elementor-element elementor-element-53e933fc elementor-widget elementor-widget-text-editor\" data-id=\"53e933fc\" data-element_type=\"widget\" data-widget_type=\"text-editor.default\">\n\t\t\t\t<div class=\"elementor-widget-container\">\n\t\t\t\t\t\t\t\t\t<div data-olk-copy-source=\"MessageBody\">Situ\u00e9e au centre du village, pr\u00e8s de l&rsquo;\u00e9glise, notre \u00e9cole est conviviale et familiale.<\/div>\n<div>Cette implantation se r\u00e9nove afin d&rsquo;am\u00e9liorer le bien-\u00eatre et l&rsquo;\u00e9panouissement de chacun de ses membres. La nouvelle constrution comprendra un nouveau bloc sanitaire, deux classes maternelles, une grande salle polyvalente, une cuisine . Trois classes maternelles ainsi que 6 classes primaires y sont organis\u00e9es.<\/div><div><br><\/div>\n<p>Nous accueillerons votre enfant dans un climat familial et nous aurons \u00e0 coeur de lui faire d\u00e9couvrir notre \u00e9cole qui est un lieu d&rsquo;\u00e9ducation chr\u00e9tienne, d&rsquo;apprentissages, de d\u00e9couvertes et de rencontres.<\/p>\n<p>Nous offrons un enseignement de qualit\u00e9 qui lui permettra de grandir, s&rsquo;\u00e9panouir et de croire en lui dans un climat d&rsquo;\u00e9coute et de bienveillance.<\/p>\n<div><div style=\"width: 1844px\" class=\"wp-caption alignnone\"><img fetchpriority=\"high\" decoding=\"async\" src=\"https:\/\/attachment.outlook.live.net\/owa\/MSA%3Aannabellewagnon%40hotmail.com\/service.svc\/s\/GetAttachmentThumbnail?id=AAkALgAAAAAAHYQDEapmEc2byACqAC%2FEWg0Aff0BxtYZGkuKKXCd%2F0oOFwAIMmf1DwAAARIAEACG8eHM%2BL%2FPR6dl1cPgSR6k&amp;thumbnailType=2&amp;isc=1&amp;token=eyJhbGciOiJSUzI1NiIsInR5cCI6IkpXVCIsImtpZCI6IkUrMFZCV0NWR1hSUDBrSzNUUkViWnY4Wmxqbz0iLCJ4NXQiOiJFKzBWQldDVkdYUlAwa0szVFJFYlp2OFpsam89Iiwibm9uY2UiOiIwRmlEV2M2R1l3a3RyU3lIbXYwaHFBTmthSDVQeHlUdUswek1XTGk0aE5raXNZbDR2UzBxQXdSQ2hZOFc3Mkgta1V2UGF1OUNXck5YTzJQRVB2SWI0RTZqeFlqWjcwMDdEUlFmcVFkb3FVaG95QmJ6akx6dTVuVzdNc01mT1dPYl9aWXNXeDdtOFpSamFJRHNTZ2N0eXU3NnF4bF9WeUdrYk4tZ1VyU0Jac2MiLCJpc3Nsb2MiOiJWSTFQUjA3TUI1MDM3Iiwic3JzbiI6NjM4ODkzMTA4OTk0OTUzMTU0fQ.eyJzYXAtdmVyc2lvbiI6IjMyIiwiYXBwaWQiOiJhZjNlYmJiYS1jMjNmLTQ5MmEtYWE5My04MzQyMTY5NmVjNGIiLCJpc3NyaW5nIjoiV1ciLCJhcHBpZGFjciI6IjIiLCJhcHBfZGlzcGxheW5hbWUiOiIiLCJ1dGkiOiIwZmRmNDNjYS0zMDNmLTQ0NTQtOTFkMC02MjgwNjJmZGM3YTciLCJpYXQiOjE3NTQyMzE0NjcsInZlciI6IlNUSS5Vc2VyLkNhbGxiYWNrVG9rZW4uVjEiLCJ0aWQiOiI4NGRmOWU3ZmU5ZjY0MGFmYjQzNWFhYWFhYWFhYWFhYSIsInRydXN0ZWRmb3JkZWxlZ2F0aW9uIjoiZmFsc2UiLCJ0b3BvbG9neSI6IntcIlR5cGVcIjpcIk1hY2hpbmVcIixcIlZhbHVlXCI6XCJWSTFQUjA3TUI1MDM3LmV1cnByZDA3LnByb2Qub3V0bG9vay5jb21cIn0iLCJyZXF1ZXN0b3JfYXBwaWQiOiIxNTdjZGZiZi03Mzk4LTRhNTYtOTZjMy1lOTNlOWFiMzA5YjUiLCJyZXF1ZXN0b3JfYXBwX2Rpc3BsYXluYW1lIjoiT2ZmaWNlIDM2NSBFeGNoYW5nZSBNaWNyb3NlcnZpY2UiLCJzY3AiOiJPd2FBdHRhY2htZW50cy5SZWFkIiwib2lkIjoiMDAwNjdmZmUtYTM4Mi1iNzQzLTAwMDAtMDAwMDAwMDAwMDAwIiwicHVpZCI6IjAwMDY3RkZFQTM4MkI3NDMiLCJzbXRwIjoiYW5uYWJlbGxld2Fnbm9uQGhvdG1haWwuY29tIiwidXBuIjoiYW5uYWJlbGxld2Fnbm9uQGhvdG1haWwuY29tIiwidXNlcmNhbGxiYWNrdXNlcmNvbnRleHRpZCI6ImJmMjdjODVmYWUxMzRlY2FhNGVhZTc1N2UxMGNlNTI3IiwiZXBrIjoie1wia3R5XCI6XCJSU0FcIixcIm5cIjpcIi1wbHQ3YWlKNkhROW1aYmZEWmo4eGJXMlFDR1NnM2RzcEhvV1JpZmFKandESUh5NzRhREs1ejg2TDdQTVhDNEFmSEpnMTBTcGs0NzEteF9COWJ2bk9DMWpDTGZsRjhqSkJ2dDdZWldqemtvNkVfS1cxYml2eDNLNnNtQkJTSm40eEFRbS1CeGZXZEc1ZW5udkllTTdZZW93eGh0cHRST21abWwyeW56SUg5NVZBT2d5MmZXaGYxakp2S2paN0tjYlRzSGNmMTQ0bXRyc2pkVFh0ei1VQjNtMXkzTWh0WTFMVmJzYk4ydE0xMTh2UXgxOGpLTE5FTGxOaF9tXzVDcEQ4VDN1MDA1Z2lHc3Y4bWN4c18yMW5yODZHeTdLX0REWVNyZ0FCV3JtUGZfdG1NQU5uQkJEY092eHVTN0xaVEMzcGRiZnFhamNoM3Fyc1NsV1BaWHA2UVwiLFwiZVwiOlwiQVFBQlwiLFwiYWxnXCI6XCJSUzI1NlwiLFwiZXhwXCI6XCIxNzU0MzIwODQyXCIsXCJleHBfZGlmZlwiOlwiODY0MDBcIixcImtpZFwiOlwiSkNEQWw1eGRHSWxoQlBsMmxiUjNCaHZ6Z1NNXCJ9Lkc0SzJnZ1p4eUpPR3FGa0J2TXlBQmJBdFRuTnhCRkJ5dVdrNG9HcWxQNmpuZXQvVkZvS1JCOG1BNk42UzBaSXZyWEdmdnNIYTV3LzJRaEZVU1dnZGpaTGZCTUhGa2hoRWNNMHE4VDJjYnpNSHFaNGhsOXh2R2hWcjQrZGZ6d2tidTBBWk1mbkN0dFYzZkFtc2tib2dwbGFTZjUwRHdEbGNUcnJuNXNTZlg0QW1XeUpEaXF2YURmR1E0ODUzN2wzanFIcisrK0ZrN3VUOWh3NEk4M2NUaXRmQzh5ZnZoY0pRaDdHUnZjakluYjdFeGJCMkZWU0dDbFhoc1h3aVJidEpnb3FOYTNHU1BnNWhCWWYrMHVkRDAvdWpKaE41SktOdlFUbk96d2VPa0VBWUpMRTJKc29pWngrQmExa2Era0U2Y1dEREI0dkxWcXlIYUx4V2xCN1VxQT09IiwibmJmIjoxNzU0MjMxNDY3LCJleHAiOjE3NTQyMzE3NjcsImlzcyI6Imh0dHBzOi8vc3Vic3RyYXRlLm9mZmljZS5jb20vc3RzLyIsImF1ZCI6Imh0dHBzOi8vb3V0bG9vay5vZmZpY2UuY29tIiwic3NlYyI6IkU3YUJJUi9CY2VEMFJwbXEiLCJlc3NlYyI6ImFydGlmYWN0LWF1dG8tcHJvZHxNMzY1MjAyNS0wNi0yM1QxODoxNTo0My4yNTYyODkyWnw1cGJ5cGkyZjVFdVNDUyJ9.nMdvp9i8-QlBMnwj8y1jVrbfFcRTTXjyqOo9FFlikQXaCdVBLBXnEOxyHb34niyYPBxdn_-B97Fjpx_yu_NFxvHHKV0636sMC6mN_cNYiIjuLOV8YrjZAHQSLnG10mBHttLG4cjPN4zRmTpfdx302z-DMllRZLyhrtsLYyW6alxOIXNqN2NC46Tzw8YJ8VrNq4aQNlyiIx5yCl5xVdy6qR8428-TxiaZf6ivIn4G2qziILgAsudzG6ap56ec8MOmF5mTxB-El-cchwSaNGBCH0YRf8_o1t-G7evDtfnTECSSXJgcsC2in53pzrkQPQffVDLVKsRpbHuepiTB-ihg5Q&amp;X-OWA-CANARY=X-OWA-CANARY_cookie_is_null_or_empty&amp;owa=outlook.office.com&amp;scriptVer=20250725003.04&amp;clientId=BD12EF99986B48E4A0DB0F63F519BFCE&amp;animation=true&amp;persistenceId=045f1a1f-90f1-433d-913f-480d8774142e\" alt=\"Nouvelle \u00e9cole \u00e0 Blandain\" width=\"1844\" height=\"855\"><p class=\"wp-caption-text\">St Eleuth\u00e8re<\/p><\/div><\/div>\n<div>&nbsp;<\/div>\t\t\t\t\t\t\t\t<\/div>\n\t\t\t\t<\/div>\n\t\t\t\t\t<\/div>\n\t\t\t\t<\/div>\n\t\t\t\t<\/div>\n\t\t","protected":false},"excerpt":{"rendered":"<p>Bienvenue dans cette implantation! Situ\u00e9e au centre du village, pr\u00e8s de l&rsquo;\u00e9glise, notre \u00e9cole est conviviale et familiale. Cette implantation se r\u00e9nove afin d&rsquo;am\u00e9liorer le bien-\u00eatre et l&rsquo;\u00e9panouissement de chacun de ses membres. La nouvelle constrution comprendra un nouveau bloc sanitaire, deux classes maternelles, une grande salle polyvalente, une cuisine . Trois classes maternelles ainsi &hellip; <\/p>\n<p><a class=\"more-link btn\" href=\"https:\/\/ecolelibreblandainesplechin.be\/index.php\/presentation-blandain\/\">Lire la suite<\/a><\/p>\n","protected":false},"author":1,"featured_media":0,"parent":0,"menu_order":0,"comment_status":"closed","ping_status":"closed","template":"","meta":{"footnotes":""},"class_list":["post-52","page","type-page","status-publish","hentry","nodate","item-wrap"],"_links":{"self":[{"href":"https:\/\/ecolelibreblandainesplechin.be\/index.php\/wp-json\/wp\/v2\/pages\/52","targetHints":{"allow":["GET"]}}],"collection":[{"href":"https:\/\/ecolelibreblandainesplechin.be\/index.php\/wp-json\/wp\/v2\/pages"}],"about":[{"href":"https:\/\/ecolelibreblandainesplechin.be\/index.php\/wp-json\/wp\/v2\/types\/page"}],"author":[{"embeddable":true,"href":"https:\/\/ecolelibreblandainesplechin.be\/index.php\/wp-json\/wp\/v2\/users\/1"}],"replies":[{"embeddable":true,"href":"https:\/\/ecolelibreblandainesplechin.be\/index.php\/wp-json\/wp\/v2\/comments?post=52"}],"version-history":[{"count":11,"href":"https:\/\/ecolelibreblandainesplechin.be\/index.php\/wp-json\/wp\/v2\/pages\/52\/revisions"}],"predecessor-version":[{"id":704,"href":"https:\/\/ecolelibreblandainesplechin.be\/index.php\/wp-json\/wp\/v2\/pages\/52\/revisions\/704"}],"wp:attachment":[{"href":"https:\/\/ecolelibreblandainesplechin.be\/index.php\/wp-json\/wp\/v2\/media?parent=52"}],"curies":[{"name":"wp","href":"https:\/\/api.w.org\/{rel}","templated":true}]}}