{"id":124,"date":"2025-05-23T11:03:42","date_gmt":"2025-05-23T09:03:42","guid":{"rendered":"https:\/\/ecolelibreblandainesplechin.be\/?page_id=124"},"modified":"2025-10-15T07:47:09","modified_gmt":"2025-10-15T05:47:09","slug":"notre-equipe-blandain-2","status":"publish","type":"page","link":"https:\/\/ecolelibreblandainesplechin.be\/index.php\/notre-equipe-blandain-2\/","title":{"rendered":"Notre \u00e9quipe (Blandain)"},"content":{"rendered":"<p>En cliquant sur le lien ci-dessous, vous acc\u00e9derez aux informations quant \u00e0 l&rsquo;\u00e9quipe de Blandain<\/p>\n<p><a href=\"http:\/\/ecolelibreblandainesplechin.be\/wp-content\/uploads\/2025\/10\/Equipe-Blandain.pdf\">Equipe Blandain<\/a><\/p>\n","protected":false},"excerpt":{"rendered":"<p>En cliquant sur le lien ci-dessous, vous acc\u00e9derez aux informations quant \u00e0 l&rsquo;\u00e9quipe de Blandain Equipe Blandain<\/p>\n","protected":false},"author":1,"featured_media":0,"parent":0,"menu_order":0,"comment_status":"closed","ping_status":"closed","template":"","meta":{"footnotes":""},"class_list":["post-124","page","type-page","status-publish","hentry","nodate","item-wrap"],"_links":{"self":[{"href":"https:\/\/ecolelibreblandainesplechin.be\/index.php\/wp-json\/wp\/v2\/pages\/124","targetHints":{"allow":["GET"]}}],"collection":[{"href":"https:\/\/ecolelibreblandainesplechin.be\/index.php\/wp-json\/wp\/v2\/pages"}],"about":[{"href":"https:\/\/ecolelibreblandainesplechin.be\/index.php\/wp-json\/wp\/v2\/types\/page"}],"author":[{"embeddable":true,"href":"https:\/\/ecolelibreblandainesplechin.be\/index.php\/wp-json\/wp\/v2\/users\/1"}],"replies":[{"embeddable":true,"href":"https:\/\/ecolelibreblandainesplechin.be\/index.php\/wp-json\/wp\/v2\/comments?post=124"}],"version-history":[{"count":2,"href":"https:\/\/ecolelibreblandainesplechin.be\/index.php\/wp-json\/wp\/v2\/pages\/124\/revisions"}],"predecessor-version":[{"id":834,"href":"https:\/\/ecolelibreblandainesplechin.be\/index.php\/wp-json\/wp\/v2\/pages\/124\/revisions\/834"}],"wp:attachment":[{"href":"https:\/\/ecolelibreblandainesplechin.be\/index.php\/wp-json\/wp\/v2\/media?parent=124"}],"curies":[{"name":"wp","href":"https:\/\/api.w.org\/{rel}","templated":true}]}}