{"id":104,"date":"2025-05-23T10:57:01","date_gmt":"2025-05-23T08:57:01","guid":{"rendered":"https:\/\/ecolelibreblandainesplechin.be\/?page_id=104"},"modified":"2025-08-03T16:42:43","modified_gmt":"2025-08-03T14:42:43","slug":"horaires-blandain","status":"publish","type":"page","link":"https:\/\/ecolelibreblandainesplechin.be\/index.php\/horaires-blandain\/","title":{"rendered":"Horaires (Blandain)"},"content":{"rendered":"\t\t<div data-elementor-type=\"wp-page\" data-elementor-id=\"104\" class=\"elementor elementor-104\">\n\t\t\t\t<div class=\"elementor-element elementor-element-8e7dadc e-flex e-con-boxed e-con e-parent\" data-id=\"8e7dadc\" data-element_type=\"container\">\n\t\t\t\t\t<div class=\"e-con-inner\">\n\t\t\t\t<div class=\"elementor-element elementor-element-f082bd1 elementor-widget elementor-widget-text-editor\" data-id=\"f082bd1\" data-element_type=\"widget\" data-widget_type=\"text-editor.default\">\n\t\t\t\t<div class=\"elementor-widget-container\">\n\t\t\t\t\t\t\t\t\t<p><span style=\"font-size: 18pt;\"><strong><span style=\"color: #0e699e;\">L&rsquo;horaire de l&rsquo;\u00e9cole<\/span><\/strong><\/span><\/p><div style=\"border: 0px; font-variant-numeric: inherit; font-variant-east-asian: inherit; font-variant-alternates: inherit; font-variant-position: inherit; font-variant-emoji: inherit; font-stretch: inherit; font-size: 12pt; line-height: normal; font-family: Aptos, Aptos_EmbeddedFont, Aptos_MSFontService, Calibri, Helvetica, sans-serif; font-optical-sizing: inherit; font-size-adjust: inherit; font-kerning: inherit; font-feature-settings: inherit; font-variation-settings: inherit; margin: 1em 0px; padding: 0px; vertical-align: baseline; color: #000000;\" data-olk-copy-source=\"MessageBody\">Le lundi, le mardi, le jeudi, le vendredi de 8h40 \u00e0 12h15 et de 13h40 \u00e0 15h40.<\/div><div style=\"border: 0px; font-variant-numeric: inherit; font-variant-east-asian: inherit; font-variant-alternates: inherit; font-variant-position: inherit; font-variant-emoji: inherit; font-stretch: inherit; font-size: 12pt; line-height: normal; font-family: Aptos, Aptos_EmbeddedFont, Aptos_MSFontService, Calibri, Helvetica, sans-serif; font-optical-sizing: inherit; font-size-adjust: inherit; font-kerning: inherit; font-feature-settings: inherit; font-variation-settings: inherit; margin: 1em 0px; padding: 0px; vertical-align: baseline; color: #000000;\"><span style=\"font-size: 12pt;\">Le mercredi de 8h40 \u00e0 12h15.<\/span><\/div>\t\t\t\t\t\t\t\t<\/div>\n\t\t\t\t<\/div>\n\t\t\t\t\t<\/div>\n\t\t\t\t<\/div>\n\t\t<div class=\"elementor-element elementor-element-dd6cc38 e-flex e-con-boxed e-con e-parent\" data-id=\"dd6cc38\" data-element_type=\"container\">\n\t\t\t\t\t<div class=\"e-con-inner\">\n\t\t\t\t<div class=\"elementor-element elementor-element-65d8371 elementor-widget__width-initial elementor-widget elementor-widget-text-editor\" data-id=\"65d8371\" data-element_type=\"widget\" data-widget_type=\"text-editor.default\">\n\t\t\t\t<div class=\"elementor-widget-container\">\n\t\t\t\t\t\t\t\t\t<p><span style=\"font-size: 18pt;\"><strong><span style=\"color: #0e699e;\">Les cong\u00e9s officiels<\/span><\/strong><\/span><\/p><ul><li>F\u00eate de la Communaut\u00e9 fran\u00e7aise : le samedi 27 septembre 2025<\/li><li>Vacances d\u2019automne (de Toussaint) : du lundi 20 octobre 2025 au vendredi 31 octobre 2025<\/li><li>Comm\u00e9moration du 11 novembre : le mardi 11 novembre 2025<\/li><li>Vacances d\u2019hiver (de No\u00ebl) : du lundi 22 d\u00e9cembre 2025 au vendredi 2 janvier 2026<\/li><li>Vacances de d\u00e9tente (de Carnaval) : du lundi 16 f\u00e9vrier 2026 au vendredi 27 f\u00e9vrier 2026<\/li><li>Lundi de P\u00e2ques : le lundi 6 avril 2026<\/li><li>Vacances de printemps (de P\u00e2ques) : du lundi 27 avril 2026 au vendredi 8 mai 2026\u00a0<\/li><li>Jeudi de l\u2019Ascension : le jeudi 14 mai 2026<\/li><li>Lundi de Pentec\u00f4te : le lundi 25 mai 2026.<\/li><\/ul>\t\t\t\t\t\t\t\t<\/div>\n\t\t\t\t<\/div>\n\t\t<div class=\"elementor-element elementor-element-796867f e-con-full e-flex e-con e-child\" data-id=\"796867f\" data-element_type=\"container\">\n\t\t<div class=\"elementor-element elementor-element-2991360 e-con-full e-flex e-con e-child\" data-id=\"2991360\" data-element_type=\"container\">\n\t\t\t\t<div class=\"elementor-element elementor-element-ee41538 elementor-widget elementor-widget-image\" data-id=\"ee41538\" data-element_type=\"widget\" data-widget_type=\"image.default\">\n\t\t\t\t<div class=\"elementor-widget-container\">\n\t\t\t\t\t\t\t\t\t\t\t\t\t\t\t<img fetchpriority=\"high\" decoding=\"async\" width=\"554\" height=\"417\" src=\"https:\/\/ecolelibreblandainesplechin.be\/wp-content\/uploads\/2025\/06\/Capture-decran-2025-06-06-155624.png\" class=\"attachment-large size-large wp-image-642\" alt=\"\" srcset=\"https:\/\/ecolelibreblandainesplechin.be\/wp-content\/uploads\/2025\/06\/Capture-decran-2025-06-06-155624.png 554w, https:\/\/ecolelibreblandainesplechin.be\/wp-content\/uploads\/2025\/06\/Capture-decran-2025-06-06-155624-300x226.png 300w\" sizes=\"(max-width: 554px) 100vw, 554px\" \/>\t\t\t\t\t\t\t\t\t\t\t\t\t\t\t<\/div>\n\t\t\t\t<\/div>\n\t\t\t\t<\/div>\n\t\t\t\t<\/div>\n\t\t\t\t\t<\/div>\n\t\t\t\t<\/div>\n\t\t<div class=\"elementor-element elementor-element-f879e55 e-flex e-con-boxed e-con e-parent\" data-id=\"f879e55\" data-element_type=\"container\">\n\t\t\t\t\t<div class=\"e-con-inner\">\n\t\t\t\t\t<\/div>\n\t\t\t\t<\/div>\n\t\t<div class=\"elementor-element elementor-element-59f695e e-flex e-con-boxed e-con e-parent\" data-id=\"59f695e\" data-element_type=\"container\">\n\t\t\t\t\t<div class=\"e-con-inner\">\n\t\t\t\t\t<\/div>\n\t\t\t\t<\/div>\n\t\t\t\t<\/div>\n\t\t","protected":false},"excerpt":{"rendered":"<p>L&rsquo;horaire de l&rsquo;\u00e9cole Le lundi, le mardi, le jeudi, le vendredi de 8h40 \u00e0 12h15 et de 13h40 \u00e0 15h40.Le mercredi de 8h40 \u00e0 12h15. Les cong\u00e9s officiels F\u00eate de la Communaut\u00e9 fran\u00e7aise : le samedi 27 septembre 2025 Vacances d\u2019automne (de Toussaint) : du lundi 20 octobre 2025 au vendredi 31 octobre 2025 Comm\u00e9moration &hellip; <\/p>\n<p><a class=\"more-link btn\" href=\"https:\/\/ecolelibreblandainesplechin.be\/index.php\/horaires-blandain\/\">Lire la suite<\/a><\/p>\n","protected":false},"author":1,"featured_media":0,"parent":0,"menu_order":0,"comment_status":"closed","ping_status":"closed","template":"","meta":{"footnotes":""},"class_list":["post-104","page","type-page","status-publish","hentry","nodate","item-wrap"],"_links":{"self":[{"href":"https:\/\/ecolelibreblandainesplechin.be\/index.php\/wp-json\/wp\/v2\/pages\/104","targetHints":{"allow":["GET"]}}],"collection":[{"href":"https:\/\/ecolelibreblandainesplechin.be\/index.php\/wp-json\/wp\/v2\/pages"}],"about":[{"href":"https:\/\/ecolelibreblandainesplechin.be\/index.php\/wp-json\/wp\/v2\/types\/page"}],"author":[{"embeddable":true,"href":"https:\/\/ecolelibreblandainesplechin.be\/index.php\/wp-json\/wp\/v2\/users\/1"}],"replies":[{"embeddable":true,"href":"https:\/\/ecolelibreblandainesplechin.be\/index.php\/wp-json\/wp\/v2\/comments?post=104"}],"version-history":[{"count":8,"href":"https:\/\/ecolelibreblandainesplechin.be\/index.php\/wp-json\/wp\/v2\/pages\/104\/revisions"}],"predecessor-version":[{"id":740,"href":"https:\/\/ecolelibreblandainesplechin.be\/index.php\/wp-json\/wp\/v2\/pages\/104\/revisions\/740"}],"wp:attachment":[{"href":"https:\/\/ecolelibreblandainesplechin.be\/index.php\/wp-json\/wp\/v2\/media?parent=104"}],"curies":[{"name":"wp","href":"https:\/\/api.w.org\/{rel}","templated":true}]}}